{"id":2632,"date":"2024-06-11T14:47:31","date_gmt":"2024-06-11T14:47:31","guid":{"rendered":"https:\/\/innovaway.it\/?page_id=2632"},"modified":"2025-05-28T10:26:08","modified_gmt":"2025-05-28T10:26:08","slug":"politica-per-la-parita-di-genere","status":"publish","type":"page","link":"https:\/\/innovaway.it\/en\/politica-per-la-parita-di-genere\/","title":{"rendered":"Policies for Gender Equality"},"content":{"rendered":"<p><strong>UNI PDR 125:2022<\/strong><\/p>\n<p>Innovaway is committed to supporting the values of diversity, inclusion and gender equality through the adoption of corporate, organizational and management mechanisms based on respect for the rights, freedom and dignity of people. In particular, Innovaway has adopted a management system in accordance with the UNI\/PdR 125 reference practice, operating through an approach based on impartiality and does not allow any form of direct or indirect, multiple and interconnected discrimination in relation to gender, age, sexual orientation and identity, disability, state of health, ethnic origin, nationality, political opinions, social category and religious faith. It also promotes the conditions that allow the removal of cultural, organizational and material obstacles that limit the full expression of people and their complete valorisation within the organization. This document incorporates the adopted Code of Ethics and offers the guidelines to be implemented for the creation of a work environment with equal gender opportunities throughout the entire cycle of selection, management, development and career of people.<\/p>\n<p>In particular, Innovaway is committed to:<\/p>\n<ol>\n<li>to attract and hire people with different backgrounds and abilities, pursuing gender equality in the selection and hiring phase through the identification of a shortlist of candidates that tends to be equal between men and women. At the same time, it is committed to emphasizing the importance of meritocracy: Experience, skills and competencies guide in choosing the best candidates. The selection process is strengthened through the adoption of a standardised methodology to ensure equal opportunities at every stage.<\/li>\n<li>to improve the work-life balance of employees in all phases of personal and professional life, including support during and after periods of long absence from work, encouraging the use of parental leave, through coaching procedures for back to work, reversible part-time, smart working, ad hoc welfare plan, company nursery, engagement programs, on a voluntary basis, during maternity leave, etc.;<\/li>\n<li>to offer equal opportunities for training and development without any gender discrimination, defining transparent standards that are consistent with Performance Management and Talent Development processes, including leadership paths, through a process of internal mobility and succession to managerial positions consistent with the principles of an inclusive organization that respects gender equality;<\/li>\n<li>to ensure processes of reintegration into the working context appropriate to the period of absence, also integrating and enhancing the potential skills acquired by the resource during the period of absence from the workplace;<\/li>\n<li>to create an inclusive, collaborative, supportive, transparent work environment open to listening to all staff, regardless of gender diversity;<\/li>\n<li>to guarantee gender pay equity, facilitating the participation and permanence of women in the working context, enhancing their skills and ensuring fair remuneration for jobs and occupations with equivalent socio-economic value. The periodic remuneration interventions, the short and long-term incentive processes and systems are anchored to principles of recognition of the responsibilities assigned, the results achieved and the quality of the guaranteed professional contribution;<\/li>\n<li>to communicate transparently, internally and externally, including including marketing and advertising activities, the desire to pursue gender equality, enhance diversity and support the increase in employment of the female gender;<\/li>\n<li>to have zero tolerance towards harassment and all forms of discrimination related to sex, gender identity, age, origin, religion, gender orientation, physical appearance, health, disability, trade union activity, political opinions, nationality, family situation;<\/li>\n<\/ol>\n<p>The objectives mentioned above are specified in terms of Performance Indicators (KPIs) and in the Strategic Plan, their achievement is only possible through the commitment of all staff. Therefore, each function manager and all company employees are required to operate in such a way as to comply with what is indicated by the Management System as well as apply the principles contained in this Policy on a daily basis. The Company prepares and disseminates to stakeholders a Communication Plan relating to its commitment to the issues of gender equality and diversity and inclusion, ensuring communication consistent with the principles expressed in this document and in line with the objectives established and implemented through the Strategic Plan.<\/p>\n<p>La Politica per la Parit\u00e0 di Genere sar\u00e0 revisionata periodicamente durante le attivit\u00e0 di riesame del Sistema, per garantire che dipendenti e collaboratori ne comprendano appieno i contenuti impegnandosi ad attuarli, e gli stakeholder siano sempre informati dell\u2019evoluzione del contesto di riferimento della societ\u00e0. L\u2019Alta Direzione ha definito, di concerto con il Comitato Guida per la Parit\u00e0 di Genere, tutte le risorse necessarie per l\u2019attuazione del Piano Strategico, compreso un budget che servir\u00e0 per sostenere le iniziative concrete che verranno messe in atto. L\u2019Alta Direzione impegna tutto il personale al rispetto della presente Politica e dei valori in essa contenuti, e ne delega l\u2019attuazione, la comunicazione e la diffusione allo stesso Comitato Guida per la Parit\u00e0 di Genere.<\/p>\n<p>Napoli L\u2019 Alta Direzione<\/p>\n<p>Rev.00 del 03\/07\/2023<\/p>","protected":false},"excerpt":{"rendered":"<p>UNI PDR 125:2022 Innovaway si impegna nel sostegno dei valori [&hellip;]<\/p>\n","protected":false},"author":1,"featured_media":0,"parent":0,"menu_order":0,"comment_status":"closed","ping_status":"closed","template":"","meta":{"_acf_changed":false,"inline_featured_image":false,"footnotes":""},"class_list":["post-2632","page","type-page","status-publish","hentry"],"acf":[],"yoast_head":"<!-- This site is optimized with the Yoast SEO Premium plugin v27.4 (Yoast SEO v27.4) - https:\/\/yoast.com\/product\/yoast-seo-premium-wordpress\/ -->\n<title>Politica per la parit\u00e0 di genere - Innovaway<\/title>\n<meta name=\"robots\" content=\"index, follow, max-snippet:-1, max-image-preview:large, max-video-preview:-1\" \/>\n<link rel=\"canonical\" href=\"https:\/\/innovaway.it\/en\/politica-per-la-parita-di-genere\/\" \/>\n<meta property=\"og:locale\" content=\"en_GB\" \/>\n<meta property=\"og:type\" content=\"article\" \/>\n<meta property=\"og:title\" content=\"Politica per la parit\u00e0 di genere\" \/>\n<meta property=\"og:description\" content=\"UNI PDR 125:2022 Innovaway si impegna nel sostegno dei valori [&hellip;]\" \/>\n<meta property=\"og:url\" content=\"https:\/\/innovaway.it\/en\/politica-per-la-parita-di-genere\/\" \/>\n<meta property=\"og:site_name\" content=\"Innovaway\" \/>\n<meta property=\"article:modified_time\" content=\"2025-05-28T10:26:08+00:00\" \/>\n<meta name=\"twitter:card\" content=\"summary_large_image\" \/>\n<meta name=\"twitter:label1\" content=\"Estimated reading time\" \/>\n\t<meta name=\"twitter:data1\" content=\"5 minutes\" \/>\n<script type=\"application\/ld+json\" class=\"yoast-schema-graph\">{\"@context\":\"https:\\\/\\\/schema.org\",\"@graph\":[{\"@type\":\"WebPage\",\"@id\":\"https:\\\/\\\/innovaway.it\\\/politica-per-la-parita-di-genere\\\/\",\"url\":\"https:\\\/\\\/innovaway.it\\\/politica-per-la-parita-di-genere\\\/\",\"name\":\"Politica per la parit\u00e0 di genere - Innovaway\",\"isPartOf\":{\"@id\":\"https:\\\/\\\/innovaway.it\\\/#website\"},\"datePublished\":\"2024-06-11T14:47:31+00:00\",\"dateModified\":\"2025-05-28T10:26:08+00:00\",\"breadcrumb\":{\"@id\":\"https:\\\/\\\/innovaway.it\\\/politica-per-la-parita-di-genere\\\/#breadcrumb\"},\"inLanguage\":\"en-GB\",\"potentialAction\":[{\"@type\":\"ReadAction\",\"target\":[\"https:\\\/\\\/innovaway.it\\\/politica-per-la-parita-di-genere\\\/\"]}]},{\"@type\":\"BreadcrumbList\",\"@id\":\"https:\\\/\\\/innovaway.it\\\/politica-per-la-parita-di-genere\\\/#breadcrumb\",\"itemListElement\":[{\"@type\":\"ListItem\",\"position\":1,\"name\":\"Home\",\"item\":\"https:\\\/\\\/innovaway.it\\\/\"},{\"@type\":\"ListItem\",\"position\":2,\"name\":\"Politica per la parit\u00e0 di genere\"}]},{\"@type\":\"WebSite\",\"@id\":\"https:\\\/\\\/innovaway.it\\\/#website\",\"url\":\"https:\\\/\\\/innovaway.it\\\/\",\"name\":\"Innovaway\",\"description\":\"Always By Your Side per supportare la tua trasformazione digitale\",\"potentialAction\":[{\"@type\":\"SearchAction\",\"target\":{\"@type\":\"EntryPoint\",\"urlTemplate\":\"https:\\\/\\\/innovaway.it\\\/?s={search_term_string}\"},\"query-input\":{\"@type\":\"PropertyValueSpecification\",\"valueRequired\":true,\"valueName\":\"search_term_string\"}}],\"inLanguage\":\"en-GB\"}]}<\/script>\n<!-- \/ Yoast SEO Premium plugin. -->","yoast_head_json":{"title":"Politica per la parit\u00e0 di genere - Innovaway","robots":{"index":"index","follow":"follow","max-snippet":"max-snippet:-1","max-image-preview":"max-image-preview:large","max-video-preview":"max-video-preview:-1"},"canonical":"https:\/\/innovaway.it\/en\/politica-per-la-parita-di-genere\/","og_locale":"en_GB","og_type":"article","og_title":"Politica per la parit\u00e0 di genere","og_description":"UNI PDR 125:2022 Innovaway si impegna nel sostegno dei valori [&hellip;]","og_url":"https:\/\/innovaway.it\/en\/politica-per-la-parita-di-genere\/","og_site_name":"Innovaway","article_modified_time":"2025-05-28T10:26:08+00:00","twitter_card":"summary_large_image","twitter_misc":{"Estimated reading time":"5 minutes"},"schema":{"@context":"https:\/\/schema.org","@graph":[{"@type":"WebPage","@id":"https:\/\/innovaway.it\/politica-per-la-parita-di-genere\/","url":"https:\/\/innovaway.it\/politica-per-la-parita-di-genere\/","name":"Politica per la parit\u00e0 di genere - Innovaway","isPartOf":{"@id":"https:\/\/innovaway.it\/#website"},"datePublished":"2024-06-11T14:47:31+00:00","dateModified":"2025-05-28T10:26:08+00:00","breadcrumb":{"@id":"https:\/\/innovaway.it\/politica-per-la-parita-di-genere\/#breadcrumb"},"inLanguage":"en-GB","potentialAction":[{"@type":"ReadAction","target":["https:\/\/innovaway.it\/politica-per-la-parita-di-genere\/"]}]},{"@type":"BreadcrumbList","@id":"https:\/\/innovaway.it\/politica-per-la-parita-di-genere\/#breadcrumb","itemListElement":[{"@type":"ListItem","position":1,"name":"Home","item":"https:\/\/innovaway.it\/"},{"@type":"ListItem","position":2,"name":"Politica per la parit\u00e0 di genere"}]},{"@type":"WebSite","@id":"https:\/\/innovaway.it\/#website","url":"https:\/\/innovaway.it\/","name":"Innovaway","description":"Always By Your Side to Support Your Digital Transformation","potentialAction":[{"@type":"SearchAction","target":{"@type":"EntryPoint","urlTemplate":"https:\/\/innovaway.it\/?s={search_term_string}"},"query-input":{"@type":"PropertyValueSpecification","valueRequired":true,"valueName":"search_term_string"}}],"inLanguage":"en-GB"}]}},"_links":{"self":[{"href":"https:\/\/innovaway.it\/en\/wp-json\/wp\/v2\/pages\/2632","targetHints":{"allow":["GET"]}}],"collection":[{"href":"https:\/\/innovaway.it\/en\/wp-json\/wp\/v2\/pages"}],"about":[{"href":"https:\/\/innovaway.it\/en\/wp-json\/wp\/v2\/types\/page"}],"author":[{"embeddable":true,"href":"https:\/\/innovaway.it\/en\/wp-json\/wp\/v2\/users\/1"}],"replies":[{"embeddable":true,"href":"https:\/\/innovaway.it\/en\/wp-json\/wp\/v2\/comments?post=2632"}],"version-history":[{"count":7,"href":"https:\/\/innovaway.it\/en\/wp-json\/wp\/v2\/pages\/2632\/revisions"}],"predecessor-version":[{"id":4681,"href":"https:\/\/innovaway.it\/en\/wp-json\/wp\/v2\/pages\/2632\/revisions\/4681"}],"wp:attachment":[{"href":"https:\/\/innovaway.it\/en\/wp-json\/wp\/v2\/media?parent=2632"}],"curies":[{"name":"wp","href":"https:\/\/api.w.org\/{rel}","templated":true}]}}